{"id":516,"date":"2025-09-24T09:55:22","date_gmt":"2025-09-24T09:55:22","guid":{"rendered":"https:\/\/aeronauticaragon.quelinka.es\/accessibility-statement\/"},"modified":"2025-10-28T15:39:17","modified_gmt":"2025-10-28T15:39:17","slug":"accessibility-statement","status":"publish","type":"page","link":"https:\/\/aeronauticaragon.quelinka.es\/en\/accessibility-statement\/","title":{"rendered":"Accessibility statement"},"content":{"rendered":"\n<p>AERA is committed to ensuring the digital accessibility of its products and services, in accordance with the European Accessibility Act (EAA \u2013 Directive (EU) 2019\/882) and the Web Content Accessibility Guidelines (WCAG) 2.1, level AA.<\/p>\n\n\n\n<h3 class=\"wp-block-heading\">Compliance status<\/h3>\n\n\n\n<p>This website partially complies with the accessibility requirements set out in the EAA due to the exceptions and non-compliance of some elements detailed below.<\/p>\n\n\n\n<h3 class=\"wp-block-heading\">Content not accessible<\/h3>\n\n\n\n<p>The following content is not accessible for the reasons indicated:<\/p>\n\n\n\n<p>a) Non-compliance with WCAG guidelines in manageable content<\/p>\n\n\n\n<ul class=\"wp-block-list\">\n<li>Some contrast elements may not meet the minimum required level.<\/li>\n\n\n\n<li>There may be images without adequate alternative text.<\/li>\n\n\n\n<li>Some videos may not have subtitles or audio description.<\/li>\n<\/ul>\n\n\n\n<p><strong>b) Disproportionate load<\/strong><\/p>\n\n\n\n<ul class=\"wp-block-list\">\n<li>Certain legacy content or content generated by third parties may not fully comply with the requirements.<\/li>\n<\/ul>\n\n\n\n<h3 class=\"wp-block-heading\">Preparation of this statement<\/h3>\n\n\n\n<p>This statement was prepared on 28\/10\/2025.<\/p>\n\n\n\n<p>El m\u00e9todo empleado para su preparaci\u00f3n fue una <strong>auto-evaluaci\u00f3n interna<\/strong> realizada por <strong>QUELINKA<\/strong>.<\/p>\n\n\n\n<p>The last revision of the declaration was made on 28\/10\/2025.<\/p>\n\n\n\n<h3 class=\"wp-block-heading\">Contact and comments<\/h3>\n\n\n\n<p>You may contact us for:<\/p>\n\n\n\n<ul class=\"wp-block-list\">\n<li>Report possible breaches.<\/li>\n\n\n\n<li>Request accessible information about non-compliant content.<\/li>\n\n\n\n<li>Make suggestions or complaints related to accessibility.<\/li>\n<\/ul>\n\n\n\n<p>Email: info@aeronauticaragon.com<br>Telephone: +34 876 041 830<br>Web form: https:\/\/aeracluster.com\/contact\/<\/p>\n\n\n\n<h3 class=\"wp-block-heading\">Complaint procedure<\/h3>\n\n\n\n<p>If the response is not satisfactory, you may lodge a complaint with the competent authority on accessibility, in accordance with the provisions of the European Accessibility Act and its transposition into Spanish law.<\/p>\n","protected":false},"excerpt":{"rendered":"<p>AERA is committed to ensuring the digital accessibility of its products and services, in accordance with the European Accessibility Act (EAA \u2013 Directive (EU) 2019\/882) and the Web Content Accessibility Guidelines (WCAG) 2.1, level AA. Compliance status This website partially complies with the accessibility requirements set out in the EAA due to the exceptions and [&hellip;]<\/p>\n","protected":false},"author":1,"featured_media":322,"parent":0,"menu_order":0,"comment_status":"closed","ping_status":"closed","template":"","meta":{"_acf_changed":false,"footnotes":""},"class_list":["post-516","page","type-page","status-publish","has-post-thumbnail","hentry"],"acf":[],"yoast_head":"<!-- This site is optimized with the Yoast SEO plugin v26.2 - https:\/\/yoast.com\/wordpress\/plugins\/seo\/ -->\n<title>Accessibility statement | AERA<\/title>\n<meta name=\"robots\" content=\"noindex, follow, max-snippet:-1, max-image-preview:large, max-video-preview:-1\" \/>\n<meta property=\"og:locale\" content=\"en_US\" \/>\n<meta property=\"og:type\" content=\"article\" \/>\n<meta property=\"og:title\" content=\"Accessibility statement | AERA\" \/>\n<meta property=\"og:description\" content=\"AERA is committed to ensuring the digital accessibility of its products and services, in accordance with the European Accessibility Act (EAA \u2013 Directive (EU) 2019\/882) and the Web Content Accessibility Guidelines (WCAG) 2.1, level AA. Compliance status This website partially complies with the accessibility requirements set out in the EAA due to the exceptions and [&hellip;]\" \/>\n<meta property=\"og:url\" content=\"https:\/\/aeronauticaragon.quelinka.es\/en\/accessibility-statement\/\" \/>\n<meta property=\"og:site_name\" content=\"AERA\" \/>\n<meta property=\"article:modified_time\" content=\"2025-10-28T15:39:17+00:00\" \/>\n<meta property=\"og:image\" content=\"https:\/\/aeronauticaragon.quelinka.es\/wp-content\/uploads\/2025\/09\/pexels-sevenstormphotography-1436697.jpg\" \/>\n\t<meta property=\"og:image:width\" content=\"2560\" \/>\n\t<meta property=\"og:image:height\" content=\"1920\" \/>\n\t<meta property=\"og:image:type\" content=\"image\/jpeg\" \/>\n<meta name=\"twitter:card\" content=\"summary_large_image\" \/>\n<meta name=\"twitter:label1\" content=\"Est. reading time\" \/>\n\t<meta name=\"twitter:data1\" content=\"2 minutes\" \/>\n<script type=\"application\/ld+json\" class=\"yoast-schema-graph\">{\"@context\":\"https:\/\/schema.org\",\"@graph\":[{\"@type\":\"WebPage\",\"@id\":\"https:\/\/aeronauticaragon.quelinka.es\/en\/accessibility-statement\/\",\"url\":\"https:\/\/aeronauticaragon.quelinka.es\/en\/accessibility-statement\/\",\"name\":\"Accessibility statement | AERA\",\"isPartOf\":{\"@id\":\"https:\/\/aeronauticaragon.quelinka.es\/en\/#website\"},\"primaryImageOfPage\":{\"@id\":\"https:\/\/aeronauticaragon.quelinka.es\/en\/accessibility-statement\/#primaryimage\"},\"image\":{\"@id\":\"https:\/\/aeronauticaragon.quelinka.es\/en\/accessibility-statement\/#primaryimage\"},\"thumbnailUrl\":\"https:\/\/aeronauticaragon.quelinka.es\/wp-content\/uploads\/2025\/09\/pexels-sevenstormphotography-1436697.jpg\",\"datePublished\":\"2025-09-24T09:55:22+00:00\",\"dateModified\":\"2025-10-28T15:39:17+00:00\",\"breadcrumb\":{\"@id\":\"https:\/\/aeronauticaragon.quelinka.es\/en\/accessibility-statement\/#breadcrumb\"},\"inLanguage\":\"en-US\",\"potentialAction\":[{\"@type\":\"ReadAction\",\"target\":[\"https:\/\/aeronauticaragon.quelinka.es\/en\/accessibility-statement\/\"]}]},{\"@type\":\"ImageObject\",\"inLanguage\":\"en-US\",\"@id\":\"https:\/\/aeronauticaragon.quelinka.es\/en\/accessibility-statement\/#primaryimage\",\"url\":\"https:\/\/aeronauticaragon.quelinka.es\/wp-content\/uploads\/2025\/09\/pexels-sevenstormphotography-1436697.jpg\",\"contentUrl\":\"https:\/\/aeronauticaragon.quelinka.es\/wp-content\/uploads\/2025\/09\/pexels-sevenstormphotography-1436697.jpg\",\"width\":2560,\"height\":1920},{\"@type\":\"BreadcrumbList\",\"@id\":\"https:\/\/aeronauticaragon.quelinka.es\/en\/accessibility-statement\/#breadcrumb\",\"itemListElement\":[{\"@type\":\"ListItem\",\"position\":1,\"name\":\"Portada\",\"item\":\"https:\/\/aeronauticaragon.quelinka.es\/en\/\"},{\"@type\":\"ListItem\",\"position\":2,\"name\":\"Accessibility statement\"}]},{\"@type\":\"WebSite\",\"@id\":\"https:\/\/aeronauticaragon.quelinka.es\/en\/#website\",\"url\":\"https:\/\/aeronauticaragon.quelinka.es\/en\/\",\"name\":\"AERA\",\"description\":\"\",\"publisher\":{\"@id\":\"https:\/\/aeronauticaragon.quelinka.es\/en\/#organization\"},\"potentialAction\":[{\"@type\":\"SearchAction\",\"target\":{\"@type\":\"EntryPoint\",\"urlTemplate\":\"https:\/\/aeronauticaragon.quelinka.es\/en\/?s={search_term_string}\"},\"query-input\":{\"@type\":\"PropertyValueSpecification\",\"valueRequired\":true,\"valueName\":\"search_term_string\"}}],\"inLanguage\":\"en-US\"},{\"@type\":\"Organization\",\"@id\":\"https:\/\/aeronauticaragon.quelinka.es\/en\/#organization\",\"name\":\"AERA\",\"url\":\"https:\/\/aeronauticaragon.quelinka.es\/en\/\",\"logo\":{\"@type\":\"ImageObject\",\"inLanguage\":\"en-US\",\"@id\":\"https:\/\/aeronauticaragon.quelinka.es\/en\/#\/schema\/logo\/image\/\",\"url\":\"https:\/\/aeronauticaragon.quelinka.es\/wp-content\/uploads\/2025\/07\/logo-aera-2.svg\",\"contentUrl\":\"https:\/\/aeronauticaragon.quelinka.es\/wp-content\/uploads\/2025\/07\/logo-aera-2.svg\",\"caption\":\"AERA\"},\"image\":{\"@id\":\"https:\/\/aeronauticaragon.quelinka.es\/en\/#\/schema\/logo\/image\/\"}}]}<\/script>\n<!-- \/ Yoast SEO plugin. -->","yoast_head_json":{"title":"Accessibility statement | AERA","robots":{"index":"noindex","follow":"follow","max-snippet":"max-snippet:-1","max-image-preview":"max-image-preview:large","max-video-preview":"max-video-preview:-1"},"og_locale":"en_US","og_type":"article","og_title":"Accessibility statement | AERA","og_description":"AERA is committed to ensuring the digital accessibility of its products and services, in accordance with the European Accessibility Act (EAA \u2013 Directive (EU) 2019\/882) and the Web Content Accessibility Guidelines (WCAG) 2.1, level AA. Compliance status This website partially complies with the accessibility requirements set out in the EAA due to the exceptions and [&hellip;]","og_url":"https:\/\/aeronauticaragon.quelinka.es\/en\/accessibility-statement\/","og_site_name":"AERA","article_modified_time":"2025-10-28T15:39:17+00:00","og_image":[{"width":2560,"height":1920,"url":"https:\/\/aeronauticaragon.quelinka.es\/wp-content\/uploads\/2025\/09\/pexels-sevenstormphotography-1436697.jpg","type":"image\/jpeg"}],"twitter_card":"summary_large_image","twitter_misc":{"Est. reading time":"2 minutes"},"schema":{"@context":"https:\/\/schema.org","@graph":[{"@type":"WebPage","@id":"https:\/\/aeronauticaragon.quelinka.es\/en\/accessibility-statement\/","url":"https:\/\/aeronauticaragon.quelinka.es\/en\/accessibility-statement\/","name":"Accessibility statement | AERA","isPartOf":{"@id":"https:\/\/aeronauticaragon.quelinka.es\/en\/#website"},"primaryImageOfPage":{"@id":"https:\/\/aeronauticaragon.quelinka.es\/en\/accessibility-statement\/#primaryimage"},"image":{"@id":"https:\/\/aeronauticaragon.quelinka.es\/en\/accessibility-statement\/#primaryimage"},"thumbnailUrl":"https:\/\/aeronauticaragon.quelinka.es\/wp-content\/uploads\/2025\/09\/pexels-sevenstormphotography-1436697.jpg","datePublished":"2025-09-24T09:55:22+00:00","dateModified":"2025-10-28T15:39:17+00:00","breadcrumb":{"@id":"https:\/\/aeronauticaragon.quelinka.es\/en\/accessibility-statement\/#breadcrumb"},"inLanguage":"en-US","potentialAction":[{"@type":"ReadAction","target":["https:\/\/aeronauticaragon.quelinka.es\/en\/accessibility-statement\/"]}]},{"@type":"ImageObject","inLanguage":"en-US","@id":"https:\/\/aeronauticaragon.quelinka.es\/en\/accessibility-statement\/#primaryimage","url":"https:\/\/aeronauticaragon.quelinka.es\/wp-content\/uploads\/2025\/09\/pexels-sevenstormphotography-1436697.jpg","contentUrl":"https:\/\/aeronauticaragon.quelinka.es\/wp-content\/uploads\/2025\/09\/pexels-sevenstormphotography-1436697.jpg","width":2560,"height":1920},{"@type":"BreadcrumbList","@id":"https:\/\/aeronauticaragon.quelinka.es\/en\/accessibility-statement\/#breadcrumb","itemListElement":[{"@type":"ListItem","position":1,"name":"Portada","item":"https:\/\/aeronauticaragon.quelinka.es\/en\/"},{"@type":"ListItem","position":2,"name":"Accessibility statement"}]},{"@type":"WebSite","@id":"https:\/\/aeronauticaragon.quelinka.es\/en\/#website","url":"https:\/\/aeronauticaragon.quelinka.es\/en\/","name":"AERA","description":"","publisher":{"@id":"https:\/\/aeronauticaragon.quelinka.es\/en\/#organization"},"potentialAction":[{"@type":"SearchAction","target":{"@type":"EntryPoint","urlTemplate":"https:\/\/aeronauticaragon.quelinka.es\/en\/?s={search_term_string}"},"query-input":{"@type":"PropertyValueSpecification","valueRequired":true,"valueName":"search_term_string"}}],"inLanguage":"en-US"},{"@type":"Organization","@id":"https:\/\/aeronauticaragon.quelinka.es\/en\/#organization","name":"AERA","url":"https:\/\/aeronauticaragon.quelinka.es\/en\/","logo":{"@type":"ImageObject","inLanguage":"en-US","@id":"https:\/\/aeronauticaragon.quelinka.es\/en\/#\/schema\/logo\/image\/","url":"https:\/\/aeronauticaragon.quelinka.es\/wp-content\/uploads\/2025\/07\/logo-aera-2.svg","contentUrl":"https:\/\/aeronauticaragon.quelinka.es\/wp-content\/uploads\/2025\/07\/logo-aera-2.svg","caption":"AERA"},"image":{"@id":"https:\/\/aeronauticaragon.quelinka.es\/en\/#\/schema\/logo\/image\/"}}]}},"_links":{"self":[{"href":"https:\/\/aeronauticaragon.quelinka.es\/en\/wp-json\/wp\/v2\/pages\/516","targetHints":{"allow":["GET"]}}],"collection":[{"href":"https:\/\/aeronauticaragon.quelinka.es\/en\/wp-json\/wp\/v2\/pages"}],"about":[{"href":"https:\/\/aeronauticaragon.quelinka.es\/en\/wp-json\/wp\/v2\/types\/page"}],"author":[{"embeddable":true,"href":"https:\/\/aeronauticaragon.quelinka.es\/en\/wp-json\/wp\/v2\/users\/1"}],"replies":[{"embeddable":true,"href":"https:\/\/aeronauticaragon.quelinka.es\/en\/wp-json\/wp\/v2\/comments?post=516"}],"version-history":[{"count":4,"href":"https:\/\/aeronauticaragon.quelinka.es\/en\/wp-json\/wp\/v2\/pages\/516\/revisions"}],"predecessor-version":[{"id":550,"href":"https:\/\/aeronauticaragon.quelinka.es\/en\/wp-json\/wp\/v2\/pages\/516\/revisions\/550"}],"wp:featuredmedia":[{"embeddable":true,"href":"https:\/\/aeronauticaragon.quelinka.es\/en\/wp-json\/wp\/v2\/media\/322"}],"wp:attachment":[{"href":"https:\/\/aeronauticaragon.quelinka.es\/en\/wp-json\/wp\/v2\/media?parent=516"}],"curies":[{"name":"wp","href":"https:\/\/api.w.org\/{rel}","templated":true}]}}